{"id":129,"date":"2024-10-06T07:27:19","date_gmt":"2024-10-06T07:27:19","guid":{"rendered":"https:\/\/malitrcl.com\/?page_id=129"},"modified":"2026-01-23T12:28:54","modified_gmt":"2026-01-23T12:28:54","slug":"front_page","status":"publish","type":"page","link":"https:\/\/malitrcl.com\/","title":{"rendered":"Ana Sayfa"},"content":{"rendered":"\t\t<div data-elementor-type=\"wp-page\" data-elementor-id=\"129\" class=\"elementor elementor-129\">\n\t\t\t\t<div class=\"elementor-element elementor-element-e775458 e-flex e-con-boxed e-con e-parent\" data-id=\"e775458\" data-element_type=\"container\">\n\t\t\t\t\t<div class=\"e-con-inner\">\n\t\t\t\t<div class=\"elementor-element elementor-element-1cfafe0 elementor-widget elementor-widget-video\" data-id=\"1cfafe0\" data-element_type=\"widget\" data-settings=\"{&quot;youtube_url&quot;:&quot;https:\\\/\\\/www.youtube.com\\\/watch?v=zw5nbakWjRw&quot;,&quot;autoplay&quot;:&quot;yes&quot;,&quot;play_on_mobile&quot;:&quot;yes&quot;,&quot;loop&quot;:&quot;yes&quot;,&quot;video_type&quot;:&quot;youtube&quot;,&quot;controls&quot;:&quot;yes&quot;}\" data-widget_type=\"video.default\">\n\t\t\t\t\t\t\t<div class=\"elementor-wrapper elementor-open-inline\">\n\t\t\t<div class=\"elementor-video\"><\/div>\t\t<\/div>\n\t\t\t\t\t\t<\/div>\n\t\t\t\t\t<\/div>\n\t\t\t\t<\/div>\n\t\t<div class=\"elementor-element elementor-element-c240e67 e-flex e-con-boxed e-con e-parent\" data-id=\"c240e67\" data-element_type=\"container\">\n\t\t\t\t\t<div class=\"e-con-inner\">\n\t\t<div class=\"elementor-element elementor-element-72a3d59 e-con-full e-flex e-con e-child\" data-id=\"72a3d59\" data-element_type=\"container\">\n\t\t\t\t<div class=\"elementor-element elementor-element-4252982 elementor-widget elementor-widget-image\" data-id=\"4252982\" data-element_type=\"widget\" data-widget_type=\"image.default\">\n\t\t\t\t\t\t\t\t\t\t\t\t\t\t\t<img fetchpriority=\"high\" decoding=\"async\" width=\"1024\" height=\"768\" src=\"https:\/\/malitrcl.com\/wp-content\/uploads\/2026\/01\/young-beautiful-smiling-female-trendy-summer-blue-overalls-sexy-carefree-woman-posing-near-wall-studio-positive-brunette-model-looking-cellphone-screen-holding-smartphone-using-apps-1024x768.jpg\" class=\"attachment-large size-large wp-image-481\" alt=\"\" srcset=\"https:\/\/malitrcl.com\/wp-content\/uploads\/2026\/01\/young-beautiful-smiling-female-trendy-summer-blue-overalls-sexy-carefree-woman-posing-near-wall-studio-positive-brunette-model-looking-cellphone-screen-holding-smartphone-using-apps-1024x768.jpg 1024w, https:\/\/malitrcl.com\/wp-content\/uploads\/2026\/01\/young-beautiful-smiling-female-trendy-summer-blue-overalls-sexy-carefree-woman-posing-near-wall-studio-positive-brunette-model-looking-cellphone-screen-holding-smartphone-using-apps-300x225.jpg 300w, https:\/\/malitrcl.com\/wp-content\/uploads\/2026\/01\/young-beautiful-smiling-female-trendy-summer-blue-overalls-sexy-carefree-woman-posing-near-wall-studio-positive-brunette-model-looking-cellphone-screen-holding-smartphone-using-apps-768x576.jpg 768w, https:\/\/malitrcl.com\/wp-content\/uploads\/2026\/01\/young-beautiful-smiling-female-trendy-summer-blue-overalls-sexy-carefree-woman-posing-near-wall-studio-positive-brunette-model-looking-cellphone-screen-holding-smartphone-using-apps-1536x1152.jpg 1536w, https:\/\/malitrcl.com\/wp-content\/uploads\/2026\/01\/young-beautiful-smiling-female-trendy-summer-blue-overalls-sexy-carefree-woman-posing-near-wall-studio-positive-brunette-model-looking-cellphone-screen-holding-smartphone-using-apps-2048x1536.jpg 2048w, https:\/\/malitrcl.com\/wp-content\/uploads\/2026\/01\/young-beautiful-smiling-female-trendy-summer-blue-overalls-sexy-carefree-woman-posing-near-wall-studio-positive-brunette-model-looking-cellphone-screen-holding-smartphone-using-apps-600x450.jpg 600w\" sizes=\"(max-width: 1024px) 100vw, 1024px\" \/>\t\t\t\t\t\t\t\t\t\t\t\t\t\t\t<\/div>\n\t\t\t\t<\/div>\n\t\t<div class=\"elementor-element elementor-element-242d6ad e-con-full e-flex e-con e-child\" data-id=\"242d6ad\" data-element_type=\"container\">\n\t\t\t\t<div class=\"elementor-element elementor-element-6531499 elementor-widget elementor-widget-text-editor\" data-id=\"6531499\" data-element_type=\"widget\" data-widget_type=\"text-editor.default\">\n\t\t\t\t\t\t\t\t\tMalitrcl \u0130leti\u015fim, 2011 y\u0131l\u0131ndan bu yana ak\u0131ll\u0131 telefon, aksesuar ve teknik servis alanlar\u0131nda g\u00fcvenilir hizmet sunmaktad\u0131r. Geni\u015f \u00fcr\u00fcn yelpazemiz, uzman teknik ekibimiz, uygun fiyatlar\u0131m\u0131z ve g\u00fcvenli \u00f6deme altyap\u0131m\u0131z ile m\u00fc\u015fterilerimize h\u0131zl\u0131, kaliteli ve sorunsuz bir al\u0131\u015fveri\u015f deneyimi sa\u011fl\u0131yoruz. H\u0131zl\u0131 teslimat ve profesyonel servis anlay\u0131\u015f\u0131m\u0131zla elektronik ihtiya\u00e7lar\u0131n\u0131zda yan\u0131n\u0131zday\u0131z.\t\t\t\t\t\t\t\t<\/div>\n\t\t\t\t<\/div>\n\t\t\t\t\t<\/div>\n\t\t\t\t<\/div>\n\t\t<div class=\"elementor-element elementor-element-793f88f e-flex e-con-boxed e-con e-parent\" data-id=\"793f88f\" data-element_type=\"container\">\n\t\t\t\t\t<div class=\"e-con-inner\">\n\t\t<div class=\"elementor-element elementor-element-7401743 e-con-full e-flex e-con e-child\" data-id=\"7401743\" data-element_type=\"container\">\n\t\t\t\t<div class=\"elementor-element elementor-element-a8a96bd elementor-widget elementor-widget-image\" data-id=\"a8a96bd\" data-element_type=\"widget\" data-widget_type=\"image.default\">\n\t\t\t\t\t\t\t\t\t\t\t\t\t\t\t<img decoding=\"async\" width=\"380\" height=\"362\" src=\"https:\/\/malitrcl.com\/wp-content\/uploads\/2026\/01\/samsung.jpg\" class=\"attachment-large size-large wp-image-504\" alt=\"\" srcset=\"https:\/\/malitrcl.com\/wp-content\/uploads\/2026\/01\/samsung.jpg 380w, https:\/\/malitrcl.com\/wp-content\/uploads\/2026\/01\/samsung-300x286.jpg 300w\" sizes=\"(max-width: 380px) 100vw, 380px\" \/>\t\t\t\t\t\t\t\t\t\t\t\t\t\t\t<\/div>\n\t\t\t\t<\/div>\n\t\t<div class=\"elementor-element elementor-element-3d2a936 e-con-full e-flex e-con e-child\" data-id=\"3d2a936\" data-element_type=\"container\">\n\t\t\t\t<div class=\"elementor-element elementor-element-cdc1d53 elementor-widget elementor-widget-image\" data-id=\"cdc1d53\" data-element_type=\"widget\" data-widget_type=\"image.default\">\n\t\t\t\t\t\t\t\t\t\t\t\t\t\t\t<img decoding=\"async\" width=\"389\" height=\"375\" src=\"https:\/\/malitrcl.com\/wp-content\/uploads\/2026\/01\/iphone.jpg\" class=\"attachment-large size-large wp-image-506\" alt=\"\" srcset=\"https:\/\/malitrcl.com\/wp-content\/uploads\/2026\/01\/iphone.jpg 389w, https:\/\/malitrcl.com\/wp-content\/uploads\/2026\/01\/iphone-300x289.jpg 300w\" sizes=\"(max-width: 389px) 100vw, 389px\" \/>\t\t\t\t\t\t\t\t\t\t\t\t\t\t\t<\/div>\n\t\t\t\t<\/div>\n\t\t<div class=\"elementor-element elementor-element-fb613aa e-con-full e-flex e-con e-child\" data-id=\"fb613aa\" data-element_type=\"container\">\n\t\t\t\t<div class=\"elementor-element elementor-element-db3d080 elementor-widget elementor-widget-image\" data-id=\"db3d080\" data-element_type=\"widget\" data-widget_type=\"image.default\">\n\t\t\t\t\t\t\t\t\t\t\t\t\t\t\t<img loading=\"lazy\" decoding=\"async\" width=\"608\" height=\"605\" src=\"https:\/\/malitrcl.com\/wp-content\/uploads\/2026\/01\/mi-1.jpg\" class=\"attachment-large size-large wp-image-508\" alt=\"\" srcset=\"https:\/\/malitrcl.com\/wp-content\/uploads\/2026\/01\/mi-1.jpg 608w, https:\/\/malitrcl.com\/wp-content\/uploads\/2026\/01\/mi-1-300x300.jpg 300w, https:\/\/malitrcl.com\/wp-content\/uploads\/2026\/01\/mi-1-150x150.jpg 150w, https:\/\/malitrcl.com\/wp-content\/uploads\/2026\/01\/mi-1-600x597.jpg 600w, https:\/\/malitrcl.com\/wp-content\/uploads\/2026\/01\/mi-1-100x100.jpg 100w\" sizes=\"(max-width: 608px) 100vw, 608px\" \/>\t\t\t\t\t\t\t\t\t\t\t\t\t\t\t<\/div>\n\t\t\t\t<\/div>\n\t\t<div class=\"elementor-element elementor-element-f0cb5da e-con-full e-flex e-con e-child\" data-id=\"f0cb5da\" data-element_type=\"container\">\n\t\t\t\t<div class=\"elementor-element elementor-element-7e49997 elementor-widget elementor-widget-image\" data-id=\"7e49997\" data-element_type=\"widget\" data-widget_type=\"image.default\">\n\t\t\t\t\t\t\t\t\t\t\t\t\t\t\t<img loading=\"lazy\" decoding=\"async\" width=\"503\" height=\"493\" src=\"https:\/\/malitrcl.com\/wp-content\/uploads\/2026\/01\/huawei.jpg\" class=\"attachment-large size-large wp-image-509\" alt=\"\" srcset=\"https:\/\/malitrcl.com\/wp-content\/uploads\/2026\/01\/huawei.jpg 503w, https:\/\/malitrcl.com\/wp-content\/uploads\/2026\/01\/huawei-300x294.jpg 300w\" sizes=\"(max-width: 503px) 100vw, 503px\" \/>\t\t\t\t\t\t\t\t\t\t\t\t\t\t\t<\/div>\n\t\t\t\t<\/div>\n\t\t\t\t\t<\/div>\n\t\t\t\t<\/div>\n\t\t<div class=\"elementor-element elementor-element-ebf6c9c e-flex e-con-boxed e-con e-parent\" data-id=\"ebf6c9c\" data-element_type=\"container\">\n\t\t\t\t\t<div class=\"e-con-inner\">\n\t\t<div class=\"elementor-element elementor-element-49678fb e-con-full e-flex e-con e-child\" data-id=\"49678fb\" data-element_type=\"container\">\n\t\t\t\t<div class=\"elementor-element elementor-element-4fa5b37 elementor-widget elementor-widget-image\" data-id=\"4fa5b37\" data-element_type=\"widget\" data-widget_type=\"image.default\">\n\t\t\t\t\t\t\t\t\t\t\t\t\t\t\t<img loading=\"lazy\" decoding=\"async\" width=\"1024\" height=\"683\" src=\"https:\/\/malitrcl.com\/wp-content\/uploads\/2026\/01\/surprised-glamorous-woman-holding-smartphone-with-blank-screen-red-wall-attractive-blonde-girl-yellow-beret-posing-with-digital-device-1024x683.jpg\" class=\"attachment-large size-large wp-image-492\" alt=\"\" srcset=\"https:\/\/malitrcl.com\/wp-content\/uploads\/2026\/01\/surprised-glamorous-woman-holding-smartphone-with-blank-screen-red-wall-attractive-blonde-girl-yellow-beret-posing-with-digital-device-1024x683.jpg 1024w, https:\/\/malitrcl.com\/wp-content\/uploads\/2026\/01\/surprised-glamorous-woman-holding-smartphone-with-blank-screen-red-wall-attractive-blonde-girl-yellow-beret-posing-with-digital-device-300x200.jpg 300w, https:\/\/malitrcl.com\/wp-content\/uploads\/2026\/01\/surprised-glamorous-woman-holding-smartphone-with-blank-screen-red-wall-attractive-blonde-girl-yellow-beret-posing-with-digital-device-768x512.jpg 768w, https:\/\/malitrcl.com\/wp-content\/uploads\/2026\/01\/surprised-glamorous-woman-holding-smartphone-with-blank-screen-red-wall-attractive-blonde-girl-yellow-beret-posing-with-digital-device-1536x1024.jpg 1536w, https:\/\/malitrcl.com\/wp-content\/uploads\/2026\/01\/surprised-glamorous-woman-holding-smartphone-with-blank-screen-red-wall-attractive-blonde-girl-yellow-beret-posing-with-digital-device-2048x1365.jpg 2048w, https:\/\/malitrcl.com\/wp-content\/uploads\/2026\/01\/surprised-glamorous-woman-holding-smartphone-with-blank-screen-red-wall-attractive-blonde-girl-yellow-beret-posing-with-digital-device-600x400.jpg 600w\" sizes=\"(max-width: 1024px) 100vw, 1024px\" \/>\t\t\t\t\t\t\t\t\t\t\t\t\t\t\t<\/div>\n\t\t\t\t<\/div>\n\t\t<div class=\"elementor-element elementor-element-9f9f9c8 e-con-full e-flex e-con e-child\" data-id=\"9f9f9c8\" data-element_type=\"container\" data-settings=\"{&quot;background_background&quot;:&quot;classic&quot;}\">\n\t\t\t\t<div class=\"elementor-element elementor-element-9dec739 elementor-widget elementor-widget-text-editor\" data-id=\"9dec739\" data-element_type=\"widget\" data-widget_type=\"text-editor.default\">\n\t\t\t\t\t\t\t\t\t\n<strong>Uygun Fiyat<\/strong>\n\nHer zaman uygun fiyata orijinal yedek par\u00e7alarla hizmet veriyoruz. D\u00fc\u015f\u00fck fiyatl\u0131 ve kaliteli i\u015f\u00e7ili\u011fimizle m\u00fc\u015fterilerimizin memnuniyetini sa\u011fl\u0131yoruz. D\u00fc\u015f\u00fck fiyat garantimiz ile m\u00fc\u015fterilerimize her zaman en iyi fiyat\u0131 sunar\u0131z.\t\t\t\t\t\t\t\t<\/div>\n\t\t\t\t<\/div>\n\t\t<div class=\"elementor-element elementor-element-4821f41 e-con-full e-flex e-con e-child\" data-id=\"4821f41\" data-element_type=\"container\">\n\t\t\t\t<div class=\"elementor-element elementor-element-2a2a8ba elementor-widget elementor-widget-image\" data-id=\"2a2a8ba\" data-element_type=\"widget\" data-widget_type=\"image.default\">\n\t\t\t\t\t\t\t\t\t\t\t\t\t\t\t<img loading=\"lazy\" decoding=\"async\" width=\"1024\" height=\"684\" src=\"https:\/\/malitrcl.com\/wp-content\/uploads\/2026\/01\/closeup-shot-young-female-with-her-smartphone-posing-1024x684.jpg\" class=\"attachment-large size-large wp-image-500\" alt=\"\" srcset=\"https:\/\/malitrcl.com\/wp-content\/uploads\/2026\/01\/closeup-shot-young-female-with-her-smartphone-posing-1024x684.jpg 1024w, https:\/\/malitrcl.com\/wp-content\/uploads\/2026\/01\/closeup-shot-young-female-with-her-smartphone-posing-300x200.jpg 300w, https:\/\/malitrcl.com\/wp-content\/uploads\/2026\/01\/closeup-shot-young-female-with-her-smartphone-posing-768x513.jpg 768w, https:\/\/malitrcl.com\/wp-content\/uploads\/2026\/01\/closeup-shot-young-female-with-her-smartphone-posing-1536x1025.jpg 1536w, https:\/\/malitrcl.com\/wp-content\/uploads\/2026\/01\/closeup-shot-young-female-with-her-smartphone-posing-2048x1367.jpg 2048w, https:\/\/malitrcl.com\/wp-content\/uploads\/2026\/01\/closeup-shot-young-female-with-her-smartphone-posing-600x401.jpg 600w\" sizes=\"(max-width: 1024px) 100vw, 1024px\" \/>\t\t\t\t\t\t\t\t\t\t\t\t\t\t\t<\/div>\n\t\t\t\t<\/div>\n\t\t<div class=\"elementor-element elementor-element-ada511d e-con-full e-flex e-con e-child\" data-id=\"ada511d\" data-element_type=\"container\" data-settings=\"{&quot;background_background&quot;:&quot;classic&quot;}\">\n\t\t\t\t<div class=\"elementor-element elementor-element-d041c04 elementor-widget elementor-widget-text-editor\" data-id=\"d041c04\" data-element_type=\"widget\" data-widget_type=\"text-editor.default\">\n\t\t\t\t\t\t\t\t\t<strong>Uzman Teknik Servis Ekibi<\/strong>\n\nGSM \u0130leti\u015fim ekran de\u011fi\u015fimi ve ak\u0131ll\u0131 telefon tamirinde T\u00fcrkiye rekorunu elinde bulunduran ve bu rekoru gerek videolar\u0131 gerekse de foto\u011fraflar\u0131 ile tescilleyen, 2001 y\u0131l\u0131ndan g\u00fcn\u00fcm\u00fcze kesintisiz bir \u015fekilde hizmet veren bir teknik servistir.\t\t\t\t\t\t\t\t<\/div>\n\t\t\t\t<\/div>\n\t\t\t\t\t<\/div>\n\t\t\t\t<\/div>\n\t\t\t\t<\/div>\n\t\t","protected":false},"excerpt":{"rendered":"<p>https:\/\/www.youtube.com\/watch?v=zw5nbakWjRw Malitrcl \u0130leti\u015fim, 2011 y\u0131l\u0131ndan bu yana ak\u0131ll\u0131 telefon, aksesuar ve teknik servis alanlar\u0131nda g\u00fcvenilir hizmet sunmaktad\u0131r. Geni\u015f \u00fcr\u00fcn yelpazemiz, uzman teknik ekibimiz, uygun fiyatlar\u0131m\u0131z ve g\u00fcvenli \u00f6deme altyap\u0131m\u0131z ile m\u00fc\u015fterilerimize h\u0131zl\u0131, kaliteli ve sorunsuz bir al\u0131\u015fveri\u015f deneyimi sa\u011fl\u0131yoruz. H\u0131zl\u0131 teslimat ve profesyonel servis anlay\u0131\u015f\u0131m\u0131zla elektronik ihtiya\u00e7lar\u0131n\u0131zda yan\u0131n\u0131zday\u0131z. Uygun Fiyat Her zaman uygun fiyata orijinal [&hellip;]<\/p>\n","protected":false},"author":1,"featured_media":0,"parent":0,"menu_order":0,"comment_status":"closed","ping_status":"closed","template":"","meta":{"footnotes":""},"class_list":["post-129","page","type-page","status-publish","hentry"],"_links":{"self":[{"href":"https:\/\/malitrcl.com\/index.php?rest_route=\/wp\/v2\/pages\/129","targetHints":{"allow":["GET"]}}],"collection":[{"href":"https:\/\/malitrcl.com\/index.php?rest_route=\/wp\/v2\/pages"}],"about":[{"href":"https:\/\/malitrcl.com\/index.php?rest_route=\/wp\/v2\/types\/page"}],"author":[{"embeddable":true,"href":"https:\/\/malitrcl.com\/index.php?rest_route=\/wp\/v2\/users\/1"}],"replies":[{"embeddable":true,"href":"https:\/\/malitrcl.com\/index.php?rest_route=%2Fwp%2Fv2%2Fcomments&post=129"}],"version-history":[{"count":56,"href":"https:\/\/malitrcl.com\/index.php?rest_route=\/wp\/v2\/pages\/129\/revisions"}],"predecessor-version":[{"id":519,"href":"https:\/\/malitrcl.com\/index.php?rest_route=\/wp\/v2\/pages\/129\/revisions\/519"}],"wp:attachment":[{"href":"https:\/\/malitrcl.com\/index.php?rest_route=%2Fwp%2Fv2%2Fmedia&parent=129"}],"curies":[{"name":"wp","href":"https:\/\/api.w.org\/{rel}","templated":true}]}}